{"id":11,"date":"2014-04-02T20:46:45","date_gmt":"2014-04-02T18:46:45","guid":{"rendered":"http:\/\/www.anlagen-objektbetreuung.de\/?page_id=11"},"modified":"2014-04-10T20:16:43","modified_gmt":"2014-04-10T18:16:43","slug":"herzlich-willkommen","status":"publish","type":"page","link":"https:\/\/anlagen-objektbetreuung.de\/","title":{"rendered":"Herzlich Willkommen!"},"content":{"rendered":"<p><b>Herzlich Willkommen auf meiner Webseite!<\/b><\/p>\n<p>Ich \u00fcbernehmen f\u00fcr Sie alle anfallenden Arbeiten in und um Ihr Geb\u00e4ude. Egal, ob es sich um Baubetreuungsaufgaben oder Reparaturen handelt &#8211; ich bin f\u00fcr Sie da.<\/p>\n<p>Sie sind herzlich eingeladen, sich auf den folgenden Seiten \u00fcber meine Leistungen detaillierter zu informieren. Selbstverst\u00e4ndlich stehe ich f\u00fcr weitergehende Informationen jederzeit zu Ihrer Verf\u00fcgung. Sie erreichen mich t\u00e4glich von 07.00 &#8211; 18.00 Uhr unter +49 175 451 8567 oder jederzeit per Mail unter\u00a0<a href=\"mailto:info@anlagen-objektbetreuung.de\">info@anlagen-objektbetreuung.de<\/a><\/p>\n<div id=\"attachment_77\" style=\"width: 1034px\" class=\"wp-caption aligncenter\"><a href=\"https:\/\/www.anlagen-objektbetreuung.de\/wp-content\/uploads\/2014\/04\/IMG_20140410_1506451.jpg\"><img loading=\"lazy\" decoding=\"async\" aria-describedby=\"caption-attachment-77\" class=\"size-large wp-image-77\" alt=\"Einsatzfahrzeug\" src=\"https:\/\/www.anlagen-objektbetreuung.de\/wp-content\/uploads\/2014\/04\/IMG_20140410_1506451-1024x576.jpg\" width=\"1024\" height=\"576\" srcset=\"https:\/\/anlagen-objektbetreuung.de\/wp-content\/uploads\/2014\/04\/IMG_20140410_1506451-1024x576.jpg 1024w, https:\/\/anlagen-objektbetreuung.de\/wp-content\/uploads\/2014\/04\/IMG_20140410_1506451-300x168.jpg 300w\" sizes=\"auto, (max-width: 1024px) 100vw, 1024px\" \/><\/a><p id=\"caption-attachment-77\" class=\"wp-caption-text\">Einsatzfahrzeug f\u00fcr alle F\u00e4lle &#8211; ob Tag, oder bei Nacht<\/p><\/div>\n","protected":false},"excerpt":{"rendered":"<p>Herzlich Willkommen auf meiner Webseite! Ich \u00fcbernehmen f\u00fcr Sie alle anfallenden Arbeiten in und um Ihr Geb\u00e4ude. Egal, ob es sich um Baubetreuungsaufgaben oder Reparaturen handelt &#8211; ich bin f\u00fcr Sie da. Sie sind herzlich eingeladen, sich auf den folgenden Seiten \u00fcber meine Leistungen detaillierter zu informieren. Selbstverst\u00e4ndlich stehe ich f\u00fcr weitergehende Informationen jederzeit zu<\/p>\n","protected":false},"author":1,"featured_media":0,"parent":0,"menu_order":0,"comment_status":"open","ping_status":"open","template":"","meta":{"footnotes":""},"class_list":["post-11","page","type-page","status-publish","hentry"],"_links":{"self":[{"href":"https:\/\/anlagen-objektbetreuung.de\/index.php?rest_route=\/wp\/v2\/pages\/11","targetHints":{"allow":["GET"]}}],"collection":[{"href":"https:\/\/anlagen-objektbetreuung.de\/index.php?rest_route=\/wp\/v2\/pages"}],"about":[{"href":"https:\/\/anlagen-objektbetreuung.de\/index.php?rest_route=\/wp\/v2\/types\/page"}],"author":[{"embeddable":true,"href":"https:\/\/anlagen-objektbetreuung.de\/index.php?rest_route=\/wp\/v2\/users\/1"}],"replies":[{"embeddable":true,"href":"https:\/\/anlagen-objektbetreuung.de\/index.php?rest_route=%2Fwp%2Fv2%2Fcomments&post=11"}],"version-history":[{"count":3,"href":"https:\/\/anlagen-objektbetreuung.de\/index.php?rest_route=\/wp\/v2\/pages\/11\/revisions"}],"predecessor-version":[{"id":79,"href":"https:\/\/anlagen-objektbetreuung.de\/index.php?rest_route=\/wp\/v2\/pages\/11\/revisions\/79"}],"wp:attachment":[{"href":"https:\/\/anlagen-objektbetreuung.de\/index.php?rest_route=%2Fwp%2Fv2%2Fmedia&parent=11"}],"curies":[{"name":"wp","href":"https:\/\/api.w.org\/{rel}","templated":true}]}}