{"id":14,"date":"2014-04-02T20:47:49","date_gmt":"2014-04-02T18:47:49","guid":{"rendered":"http:\/\/www.anlagen-objektbetreuung.de\/?page_id=14"},"modified":"2014-04-10T20:19:11","modified_gmt":"2014-04-10T18:19:11","slug":"mein-service","status":"publish","type":"page","link":"https:\/\/anlagen-objektbetreuung.de\/?page_id=14","title":{"rendered":"Mein Service"},"content":{"rendered":"<p><b>Service wird bei mir gro\u00df geschrieben.<\/b><\/p>\n<p>Zuverl\u00e4ssigkeit und hohes fachliches K\u00f6nnen sind f\u00fcr mich die Grundlagen meines Erfolgs. Bei mir finden Sie kundenfreundlichen Service von der Anfrage bis zur detaillierten und transparenten Rechnungsstellung.<\/p>\n<p>Meine Service-Leistungen umfassen insbesondere:<\/p>\n<p>&#8211; Reparaturen<\/p>\n<p>&#8211; Notdienst<\/p>\n<p>&#8211; Winterdienst<\/p>\n<p>&#8211; Gr\u00fcnanlagenpflege<\/p>\n<p>&#8211; Au\u00dfenanlageninstandhaltung<\/p>\n<p>Sie vermissen noch etwas, haben Fragen oder auch Anregungen? Nehmen Sie doch einfach Kontakt mit mir auf. Ich berate Sie gerne ausf\u00fchrlich und erstelle Ihnen ein erstes unverbindliches Angebot. Sie erreichen mich telefonisch unter +49 175 451 8567 oder per E-Mail unter\u00a0<a href=\"mailto:info@anlagen-objektbetreuung.de\">info@anlagen-objektbetreuung.de<\/a>. \u00a0Auf Ihre Anfrage freue ich mich!<\/p>\n","protected":false},"excerpt":{"rendered":"<p>Service wird bei mir gro\u00df geschrieben. Zuverl\u00e4ssigkeit und hohes fachliches K\u00f6nnen sind f\u00fcr mich die Grundlagen meines Erfolgs. Bei mir finden Sie kundenfreundlichen Service von der Anfrage bis zur detaillierten und transparenten Rechnungsstellung. Meine Service-Leistungen umfassen insbesondere: &#8211; Reparaturen &#8211; Notdienst &#8211; Winterdienst &#8211; Gr\u00fcnanlagenpflege &#8211; Au\u00dfenanlageninstandhaltung Sie vermissen noch etwas, haben Fragen oder auch<\/p>\n","protected":false},"author":1,"featured_media":0,"parent":0,"menu_order":1,"comment_status":"open","ping_status":"open","template":"","meta":{"footnotes":""},"class_list":["post-14","page","type-page","status-publish","hentry"],"_links":{"self":[{"href":"https:\/\/anlagen-objektbetreuung.de\/index.php?rest_route=\/wp\/v2\/pages\/14","targetHints":{"allow":["GET"]}}],"collection":[{"href":"https:\/\/anlagen-objektbetreuung.de\/index.php?rest_route=\/wp\/v2\/pages"}],"about":[{"href":"https:\/\/anlagen-objektbetreuung.de\/index.php?rest_route=\/wp\/v2\/types\/page"}],"author":[{"embeddable":true,"href":"https:\/\/anlagen-objektbetreuung.de\/index.php?rest_route=\/wp\/v2\/users\/1"}],"replies":[{"embeddable":true,"href":"https:\/\/anlagen-objektbetreuung.de\/index.php?rest_route=%2Fwp%2Fv2%2Fcomments&post=14"}],"version-history":[{"count":3,"href":"https:\/\/anlagen-objektbetreuung.de\/index.php?rest_route=\/wp\/v2\/pages\/14\/revisions"}],"predecessor-version":[{"id":68,"href":"https:\/\/anlagen-objektbetreuung.de\/index.php?rest_route=\/wp\/v2\/pages\/14\/revisions\/68"}],"wp:attachment":[{"href":"https:\/\/anlagen-objektbetreuung.de\/index.php?rest_route=%2Fwp%2Fv2%2Fmedia&parent=14"}],"curies":[{"name":"wp","href":"https:\/\/api.w.org\/{rel}","templated":true}]}}