{"id":16,"date":"2014-04-02T20:48:32","date_gmt":"2014-04-02T18:48:32","guid":{"rendered":"http:\/\/www.anlagen-objektbetreuung.de\/?page_id=16"},"modified":"2018-05-21T11:00:35","modified_gmt":"2018-05-21T09:00:35","slug":"kontakt","status":"publish","type":"page","link":"https:\/\/anlagen-objektbetreuung.de\/?page_id=16","title":{"rendered":"Kontakt"},"content":{"rendered":"<p>Ich bin f\u00fcr Sie da!<\/p>\n<p>Wenn Sie Fragen oder Probleme haben, k\u00f6nnen Sie nat\u00fcrlich mit mir in Kontakt treten. Ich helfe Ihnen gerne weiter.<\/p>\n<p>\u00dcber ein Feedback freue ich mich ebenso. Kritik und Anregungen zu meiner Internet-Seite ist mir ebenfalls jederzeit willkommen.<\/p>\n<p>&nbsp;<\/p>\n<p>Lisa Emily Haase<br \/>\nAnlagen und Objektbetreuung<br \/>\nWilzschhaus 13<br \/>\n08304 Sch\u00f6nheide<\/p>\n<p>&nbsp;<\/p>\n<p>Telefon :<\/p>\n<p>+49 37755 698 426<\/p>\n<p>+49 175 451 8567<\/p>\n<p>Mail :\u00a0<a href=\"mailto:info@anlagen-objektbetreuung.de\">info@anlagen-objektbetreuung.de<\/a><\/p>\n","protected":false},"excerpt":{"rendered":"<p>Ich bin f\u00fcr Sie da! Wenn Sie Fragen oder Probleme haben, k\u00f6nnen Sie nat\u00fcrlich mit mir in Kontakt treten. Ich helfe Ihnen gerne weiter. \u00dcber ein Feedback freue ich mich ebenso. Kritik und Anregungen zu meiner Internet-Seite ist mir ebenfalls jederzeit willkommen. &nbsp; Lisa Emily Haase Anlagen und Objektbetreuung Wilzschhaus 13 08304 Sch\u00f6nheide &nbsp; Telefon<\/p>\n","protected":false},"author":1,"featured_media":0,"parent":0,"menu_order":2,"comment_status":"open","ping_status":"open","template":"","meta":{"footnotes":""},"class_list":["post-16","page","type-page","status-publish","hentry"],"_links":{"self":[{"href":"https:\/\/anlagen-objektbetreuung.de\/index.php?rest_route=\/wp\/v2\/pages\/16","targetHints":{"allow":["GET"]}}],"collection":[{"href":"https:\/\/anlagen-objektbetreuung.de\/index.php?rest_route=\/wp\/v2\/pages"}],"about":[{"href":"https:\/\/anlagen-objektbetreuung.de\/index.php?rest_route=\/wp\/v2\/types\/page"}],"author":[{"embeddable":true,"href":"https:\/\/anlagen-objektbetreuung.de\/index.php?rest_route=\/wp\/v2\/users\/1"}],"replies":[{"embeddable":true,"href":"https:\/\/anlagen-objektbetreuung.de\/index.php?rest_route=%2Fwp%2Fv2%2Fcomments&post=16"}],"version-history":[{"count":6,"href":"https:\/\/anlagen-objektbetreuung.de\/index.php?rest_route=\/wp\/v2\/pages\/16\/revisions"}],"predecessor-version":[{"id":199,"href":"https:\/\/anlagen-objektbetreuung.de\/index.php?rest_route=\/wp\/v2\/pages\/16\/revisions\/199"}],"wp:attachment":[{"href":"https:\/\/anlagen-objektbetreuung.de\/index.php?rest_route=%2Fwp%2Fv2%2Fmedia&parent=16"}],"curies":[{"name":"wp","href":"https:\/\/api.w.org\/{rel}","templated":true}]}}